{"id":1176,"date":"2018-06-26T10:08:56","date_gmt":"2018-06-26T08:08:56","guid":{"rendered":"http:\/\/www.biuro-punkt.pl\/nasz-zespol\/"},"modified":"2025-07-10T21:41:03","modified_gmt":"2025-07-10T19:41:03","slug":"our-team","status":"publish","type":"page","link":"https:\/\/www.biuro-punkt.pl\/en\/our-team\/","title":{"rendered":"Nasz zesp\u00f3\u0142"},"content":{"rendered":"\n<h1>\n\t\t\tOur team\t<\/h1>\n\t\t\t\t<img decoding=\"async\" src=\"https:\/\/www.biuro-punkt.pl\/wp-content\/uploads\/2025\/07\/gabriela-kosinska-1.jpg\" alt=\"Gabriela Kosi\u0144ska\" itemprop=\"image\" height=\"498\" width=\"480\" title=\"Gabriela Kosi\u0144ska\" onerror=\"this.style.display='none'\" loading='lazy' \/>\n\tGabriela Kosi\u0144ska<br \/>\nOwner\n\t<p>Languages: Polish, German, English.<\/p>\n<p>I graduated from the Faculty of Modern Languages at Adam Mickiewicz University (UAM) in Pozna\u0144 with a degree in German philology. I am a translator and an interpreter of the German language,  with the title of a sworn translator since 1996. Translating is my profession and passion, which I have been pursuing continuously for over 20 years. In my private life, I am an avid cyclist, always hungry for new challenges. My motto is &#8220;The journey is the reward&#8221;.<\/p>\n\t\t\t\t<img decoding=\"async\" src=\"https:\/\/www.biuro-punkt.pl\/wp-content\/uploads\/2025\/07\/marta-gierszewska-1.jpg\" alt=\"Marta Gierszewska\" itemprop=\"image\" height=\"498\" width=\"480\" title=\"Marta Gierszewska\" onerror=\"this.style.display='none'\" loading='lazy' \/>\n\tMarta Gierszewska<br \/>\nProject Coordinator\n\t<p>Languages: Polish, Swedish, English.<\/p>\n<p>I hold a degree in Swedish Philology from the Faculty of Modern Languages and Literatures, at UAM in Pozna\u0144. I have several years of experience in the translation industry, both as a project manager and as a translator. I love being proactive at work, and I&#8217;m especially satisfied when I can successfully deliver complex projects. Outside of work, I&#8217;m a cat person and the proud owner of two cats.<\/p>\n\t\t\t\t<img decoding=\"async\" src=\"https:\/\/www.biuro-punkt.pl\/wp-content\/uploads\/2025\/07\/martyna-paszkier-1.jpg\" alt=\"Martyna Paszkier\" itemprop=\"image\" height=\"498\" width=\"480\" title=\"Martyna Paszkier\" onerror=\"this.style.display='none'\" loading='lazy' \/>\n\tMartyna Paszkier<br \/>\nProject Coordinator,<br \/>\nQuality Control Specialist\n<p>Languages: Polish, Spanish, English.<\/p>\nI graduated from the Faculty of English at UAM in Pozna\u0144. Foreign languages have always been a deep passion of mine. I&#8217;m grateful to work in an environment where I can continue expanding my knowledge and stay immersed in them every day. In my free time, I enjoy spending time with others, watching films, and travelling.\n\n\t\t\t\t<img decoding=\"async\" src=\"https:\/\/www.biuro-punkt.pl\/wp-content\/uploads\/2025\/07\/romana-piletska-2.jpg\" alt=\"Romana Piletska\" itemprop=\"image\" height=\"498\" width=\"480\" title=\"Romana Piletska\" onerror=\"this.style.display='none'\" loading='lazy' \/>\n\tRomana Piletska<br \/>\nProject Coordinator\n\t<p>Languages: Polish, Ukrainian, Russian.<\/p>\n<p>I hold an MA in Polish Philology. Originally from Ukraine, I&#8217;ve spent many years in Poland working, mbracing my passions, and raising two sons. In my free time, I engage with languages and cultures, and enjoy building bridges between people.<\/p>\n\t<h3>At the heart of our team are also our translators. We cooperate with a selected group of translation specialists from Pozna\u0144 and all over Poland, but also Germany, Hungary, Italy, Spain, the Czech Republic, Slovakia, Greece, Croatia, Slovenia, Turkey and other countries. Just like us, our translators work towards our shared goal of customer satisfaction.<\/h3>\n\t\t<h2>\n\t\t\tWe cooperate with translators and interpreters across the world.\n\t\t<\/h2>\n\t\t\t\t<img decoding=\"async\" src=\"https:\/\/www.biuro-punkt.pl\/wp-content\/uploads\/2018\/06\/punkt-mapa.jpg\" alt=\"punkt-mapa\" itemprop=\"image\" height=\"587\" width=\"1200\" title=\"punkt-mapa\" onerror=\"this.style.display='none'\" loading='lazy' \/>\n\n","protected":false},"excerpt":{"rendered":"<p>Our team Gabriela Kosi\u0144ska Owner Languages: Polish, German, English. I graduated from the Faculty of Modern Languages at Adam Mickiewicz University (UAM) in Pozna\u0144 with a degree in German philology. I am a translator and an interpreter of the German language, with the title of a sworn translator since 1996. Translating is my profession and &#8230; <a title=\"Nasz zesp\u00f3\u0142\" class=\"read-more\" href=\"https:\/\/www.biuro-punkt.pl\/en\/our-team\/\" aria-label=\"Read more about Nasz zesp\u00f3\u0142\">Read more<\/a><\/p>\n","protected":false},"author":1,"featured_media":0,"parent":0,"menu_order":5,"comment_status":"closed","ping_status":"closed","template":"","meta":{"generate_page_header":"","footnotes":""},"class_list":["post-1176","page","type-page","status-publish"],"yoast_head":"<!-- This site is optimized with the Yoast SEO plugin v27.5 - https:\/\/yoast.com\/product\/yoast-seo-wordpress\/ -->\n<title>O nas. EN - Biuro T\u0142umacze\u0144 Pozna\u0144 PUNKT<\/title>\n<meta name=\"description\" content=\"Biuro t\u0142umacze\u0144 PUNKT \u27a4 Nasz zesp\u00f3\u0142 \u2714\ufe0f Profesjonalne t\u0142umaczenia biznesowe \u2714\ufe0f T\u0142umaczenia ustne i pisemne w ponad 30 j\u0119zykach \u2b50 Sprawd\u017a!\" \/>\n<meta name=\"robots\" content=\"index, follow, max-snippet:-1, max-image-preview:large, max-video-preview:-1\" \/>\n<link rel=\"canonical\" href=\"https:\/\/www.biuro-punkt.pl\/en\/our-team\/\" \/>\n<meta property=\"og:locale\" content=\"en_US\" \/>\n<meta property=\"og:type\" content=\"article\" \/>\n<meta property=\"og:title\" content=\"O nas. EN - Biuro T\u0142umacze\u0144 Pozna\u0144 PUNKT\" \/>\n<meta property=\"og:description\" content=\"Biuro t\u0142umacze\u0144 PUNKT \u27a4 Nasz zesp\u00f3\u0142 \u2714\ufe0f Profesjonalne t\u0142umaczenia biznesowe \u2714\ufe0f T\u0142umaczenia ustne i pisemne w ponad 30 j\u0119zykach \u2b50 Sprawd\u017a!\" \/>\n<meta property=\"og:url\" content=\"https:\/\/www.biuro-punkt.pl\/en\/our-team\/\" \/>\n<meta property=\"og:site_name\" content=\"Biuro T\u0142umacze\u0144 Pozna\u0144 PUNKT\" \/>\n<meta property=\"article:modified_time\" content=\"2025-07-10T19:41:03+00:00\" \/>\n<meta property=\"og:image\" content=\"https:\/\/www.biuro-punkt.pl\/wp-content\/uploads\/2025\/07\/gabriela-kosinska-1.jpg\" \/>\n<meta name=\"twitter:card\" content=\"summary_large_image\" \/>\n<meta name=\"twitter:label1\" content=\"Est. reading time\" \/>\n\t<meta name=\"twitter:data1\" content=\"2 minutes\" \/>\n<script type=\"application\/ld+json\" class=\"yoast-schema-graph\">{\"@context\":\"https:\\\/\\\/schema.org\",\"@graph\":[{\"@type\":\"WebPage\",\"@id\":\"https:\\\/\\\/www.biuro-punkt.pl\\\/en\\\/our-team\\\/\",\"url\":\"https:\\\/\\\/www.biuro-punkt.pl\\\/en\\\/our-team\\\/\",\"name\":\"O nas. EN - Biuro T\u0142umacze\u0144 Pozna\u0144 PUNKT\",\"isPartOf\":{\"@id\":\"https:\\\/\\\/www.biuro-punkt.pl\\\/#website\"},\"primaryImageOfPage\":{\"@id\":\"https:\\\/\\\/www.biuro-punkt.pl\\\/en\\\/our-team\\\/#primaryimage\"},\"image\":{\"@id\":\"https:\\\/\\\/www.biuro-punkt.pl\\\/en\\\/our-team\\\/#primaryimage\"},\"thumbnailUrl\":\"https:\\\/\\\/www.biuro-punkt.pl\\\/wp-content\\\/uploads\\\/2025\\\/07\\\/gabriela-kosinska-1.jpg\",\"datePublished\":\"2018-06-26T08:08:56+00:00\",\"dateModified\":\"2025-07-10T19:41:03+00:00\",\"description\":\"Biuro t\u0142umacze\u0144 PUNKT \u27a4 Nasz zesp\u00f3\u0142 \u2714\ufe0f Profesjonalne t\u0142umaczenia biznesowe \u2714\ufe0f T\u0142umaczenia ustne i pisemne w ponad 30 j\u0119zykach \u2b50 Sprawd\u017a!\",\"breadcrumb\":{\"@id\":\"https:\\\/\\\/www.biuro-punkt.pl\\\/en\\\/our-team\\\/#breadcrumb\"},\"inLanguage\":\"en-US\",\"potentialAction\":[{\"@type\":\"ReadAction\",\"target\":[\"https:\\\/\\\/www.biuro-punkt.pl\\\/en\\\/our-team\\\/\"]}]},{\"@type\":\"ImageObject\",\"inLanguage\":\"en-US\",\"@id\":\"https:\\\/\\\/www.biuro-punkt.pl\\\/en\\\/our-team\\\/#primaryimage\",\"url\":\"https:\\\/\\\/www.biuro-punkt.pl\\\/wp-content\\\/uploads\\\/2025\\\/07\\\/gabriela-kosinska-1.jpg\",\"contentUrl\":\"https:\\\/\\\/www.biuro-punkt.pl\\\/wp-content\\\/uploads\\\/2025\\\/07\\\/gabriela-kosinska-1.jpg\"},{\"@type\":\"BreadcrumbList\",\"@id\":\"https:\\\/\\\/www.biuro-punkt.pl\\\/en\\\/our-team\\\/#breadcrumb\",\"itemListElement\":[{\"@type\":\"ListItem\",\"position\":1,\"name\":\"BIURO T\u0141UMACZE\u0143 PUNKT\",\"item\":\"https:\\\/\\\/www.biuro-punkt.pl\\\/en\\\/\"},{\"@type\":\"ListItem\",\"position\":2,\"name\":\"OUR TEAM\"}]},{\"@type\":\"WebSite\",\"@id\":\"https:\\\/\\\/www.biuro-punkt.pl\\\/#website\",\"url\":\"https:\\\/\\\/www.biuro-punkt.pl\\\/\",\"name\":\"Biuro T\u0142umacze\u0144 Pozna\u0144 PUNKT\",\"description\":\"Biuro T\u0142umacze\u0144 Pozna\u0144 PUNKT\",\"publisher\":{\"@id\":\"https:\\\/\\\/www.biuro-punkt.pl\\\/#organization\"},\"potentialAction\":[{\"@type\":\"SearchAction\",\"target\":{\"@type\":\"EntryPoint\",\"urlTemplate\":\"https:\\\/\\\/www.biuro-punkt.pl\\\/?s={search_term_string}\"},\"query-input\":{\"@type\":\"PropertyValueSpecification\",\"valueRequired\":true,\"valueName\":\"search_term_string\"}}],\"inLanguage\":\"en-US\"},{\"@type\":\"Organization\",\"@id\":\"https:\\\/\\\/www.biuro-punkt.pl\\\/#organization\",\"name\":\"Biuro T\u0142umacze\u0144 Pozna\u0144 PUNKT\",\"url\":\"https:\\\/\\\/www.biuro-punkt.pl\\\/\",\"logo\":{\"@type\":\"ImageObject\",\"inLanguage\":\"en-US\",\"@id\":\"https:\\\/\\\/www.biuro-punkt.pl\\\/#\\\/schema\\\/logo\\\/image\\\/\",\"url\":\"https:\\\/\\\/www.biuro-punkt.pl\\\/wp-content\\\/uploads\\\/2017\\\/12\\\/logo-punkt.png\",\"contentUrl\":\"https:\\\/\\\/www.biuro-punkt.pl\\\/wp-content\\\/uploads\\\/2017\\\/12\\\/logo-punkt.png\",\"width\":220,\"height\":50,\"caption\":\"Biuro T\u0142umacze\u0144 Pozna\u0144 PUNKT\"},\"image\":{\"@id\":\"https:\\\/\\\/www.biuro-punkt.pl\\\/#\\\/schema\\\/logo\\\/image\\\/\"}}]}<\/script>\n<!-- \/ Yoast SEO plugin. -->","yoast_head_json":{"title":"O nas. EN - Biuro T\u0142umacze\u0144 Pozna\u0144 PUNKT","description":"Biuro t\u0142umacze\u0144 PUNKT \u27a4 Nasz zesp\u00f3\u0142 \u2714\ufe0f Profesjonalne t\u0142umaczenia biznesowe \u2714\ufe0f T\u0142umaczenia ustne i pisemne w ponad 30 j\u0119zykach \u2b50 Sprawd\u017a!","robots":{"index":"index","follow":"follow","max-snippet":"max-snippet:-1","max-image-preview":"max-image-preview:large","max-video-preview":"max-video-preview:-1"},"canonical":"https:\/\/www.biuro-punkt.pl\/en\/our-team\/","og_locale":"en_US","og_type":"article","og_title":"O nas. EN - Biuro T\u0142umacze\u0144 Pozna\u0144 PUNKT","og_description":"Biuro t\u0142umacze\u0144 PUNKT \u27a4 Nasz zesp\u00f3\u0142 \u2714\ufe0f Profesjonalne t\u0142umaczenia biznesowe \u2714\ufe0f T\u0142umaczenia ustne i pisemne w ponad 30 j\u0119zykach \u2b50 Sprawd\u017a!","og_url":"https:\/\/www.biuro-punkt.pl\/en\/our-team\/","og_site_name":"Biuro T\u0142umacze\u0144 Pozna\u0144 PUNKT","article_modified_time":"2025-07-10T19:41:03+00:00","og_image":[{"url":"https:\/\/www.biuro-punkt.pl\/wp-content\/uploads\/2025\/07\/gabriela-kosinska-1.jpg","type":"","width":"","height":""}],"twitter_card":"summary_large_image","twitter_misc":{"Est. reading time":"2 minutes"},"schema":{"@context":"https:\/\/schema.org","@graph":[{"@type":"WebPage","@id":"https:\/\/www.biuro-punkt.pl\/en\/our-team\/","url":"https:\/\/www.biuro-punkt.pl\/en\/our-team\/","name":"O nas. EN - Biuro T\u0142umacze\u0144 Pozna\u0144 PUNKT","isPartOf":{"@id":"https:\/\/www.biuro-punkt.pl\/#website"},"primaryImageOfPage":{"@id":"https:\/\/www.biuro-punkt.pl\/en\/our-team\/#primaryimage"},"image":{"@id":"https:\/\/www.biuro-punkt.pl\/en\/our-team\/#primaryimage"},"thumbnailUrl":"https:\/\/www.biuro-punkt.pl\/wp-content\/uploads\/2025\/07\/gabriela-kosinska-1.jpg","datePublished":"2018-06-26T08:08:56+00:00","dateModified":"2025-07-10T19:41:03+00:00","description":"Biuro t\u0142umacze\u0144 PUNKT \u27a4 Nasz zesp\u00f3\u0142 \u2714\ufe0f Profesjonalne t\u0142umaczenia biznesowe \u2714\ufe0f T\u0142umaczenia ustne i pisemne w ponad 30 j\u0119zykach \u2b50 Sprawd\u017a!","breadcrumb":{"@id":"https:\/\/www.biuro-punkt.pl\/en\/our-team\/#breadcrumb"},"inLanguage":"en-US","potentialAction":[{"@type":"ReadAction","target":["https:\/\/www.biuro-punkt.pl\/en\/our-team\/"]}]},{"@type":"ImageObject","inLanguage":"en-US","@id":"https:\/\/www.biuro-punkt.pl\/en\/our-team\/#primaryimage","url":"https:\/\/www.biuro-punkt.pl\/wp-content\/uploads\/2025\/07\/gabriela-kosinska-1.jpg","contentUrl":"https:\/\/www.biuro-punkt.pl\/wp-content\/uploads\/2025\/07\/gabriela-kosinska-1.jpg"},{"@type":"BreadcrumbList","@id":"https:\/\/www.biuro-punkt.pl\/en\/our-team\/#breadcrumb","itemListElement":[{"@type":"ListItem","position":1,"name":"BIURO T\u0141UMACZE\u0143 PUNKT","item":"https:\/\/www.biuro-punkt.pl\/en\/"},{"@type":"ListItem","position":2,"name":"OUR TEAM"}]},{"@type":"WebSite","@id":"https:\/\/www.biuro-punkt.pl\/#website","url":"https:\/\/www.biuro-punkt.pl\/","name":"Biuro T\u0142umacze\u0144 Pozna\u0144 PUNKT","description":"Biuro T\u0142umacze\u0144 Pozna\u0144 PUNKT","publisher":{"@id":"https:\/\/www.biuro-punkt.pl\/#organization"},"potentialAction":[{"@type":"SearchAction","target":{"@type":"EntryPoint","urlTemplate":"https:\/\/www.biuro-punkt.pl\/?s={search_term_string}"},"query-input":{"@type":"PropertyValueSpecification","valueRequired":true,"valueName":"search_term_string"}}],"inLanguage":"en-US"},{"@type":"Organization","@id":"https:\/\/www.biuro-punkt.pl\/#organization","name":"Biuro T\u0142umacze\u0144 Pozna\u0144 PUNKT","url":"https:\/\/www.biuro-punkt.pl\/","logo":{"@type":"ImageObject","inLanguage":"en-US","@id":"https:\/\/www.biuro-punkt.pl\/#\/schema\/logo\/image\/","url":"https:\/\/www.biuro-punkt.pl\/wp-content\/uploads\/2017\/12\/logo-punkt.png","contentUrl":"https:\/\/www.biuro-punkt.pl\/wp-content\/uploads\/2017\/12\/logo-punkt.png","width":220,"height":50,"caption":"Biuro T\u0142umacze\u0144 Pozna\u0144 PUNKT"},"image":{"@id":"https:\/\/www.biuro-punkt.pl\/#\/schema\/logo\/image\/"}}]}},"_links":{"self":[{"href":"https:\/\/www.biuro-punkt.pl\/en\/wp-json\/wp\/v2\/pages\/1176","targetHints":{"allow":["GET"]}}],"collection":[{"href":"https:\/\/www.biuro-punkt.pl\/en\/wp-json\/wp\/v2\/pages"}],"about":[{"href":"https:\/\/www.biuro-punkt.pl\/en\/wp-json\/wp\/v2\/types\/page"}],"author":[{"embeddable":true,"href":"https:\/\/www.biuro-punkt.pl\/en\/wp-json\/wp\/v2\/users\/1"}],"replies":[{"embeddable":true,"href":"https:\/\/www.biuro-punkt.pl\/en\/wp-json\/wp\/v2\/comments?post=1176"}],"version-history":[{"count":3,"href":"https:\/\/www.biuro-punkt.pl\/en\/wp-json\/wp\/v2\/pages\/1176\/revisions"}],"predecessor-version":[{"id":18041,"href":"https:\/\/www.biuro-punkt.pl\/en\/wp-json\/wp\/v2\/pages\/1176\/revisions\/18041"}],"wp:attachment":[{"href":"https:\/\/www.biuro-punkt.pl\/en\/wp-json\/wp\/v2\/media?parent=1176"}],"curies":[{"name":"wp","href":"https:\/\/api.w.org\/{rel}","templated":true}]}}