{"id":1359,"date":"2017-12-14T13:33:22","date_gmt":"2017-12-14T12:33:22","guid":{"rendered":"http:\/\/www.biuro-punkt.pl\/home\/"},"modified":"2025-07-09T22:51:21","modified_gmt":"2025-07-09T20:51:21","slug":"home","status":"publish","type":"page","link":"https:\/\/www.biuro-punkt.pl\/ru\/","title":{"rendered":"Home"},"content":{"rendered":"\n\n\t<h1>\n\t\t\t\t\t\u0411\u044e\u0440\u043e \u041f\u0435\u0440\u0435\u0432\u043e\u0434\u043e\u0432 PUNKT,<br \/>\u043f\u0435\u0440\u0435\u0432\u043e\u0434\u044b \u043d\u0430 \u0431\u043e\u043b\u0435\u0435 \n\t\t\t\t\u0447\u0435\u043c 30 \u044f\u0437\u044b\u043a\u043e\u0432.\n\t\t\t<\/h1>\n\t\u0412\u044b\u0431\u0438\u0440\u0430\u0439\u0442\u0435 <strong>\u041a\u0410\u0427\u0415\u0421\u0422\u0412\u041e \u0438 \u041e\u041f\u042b\u0422<\/strong>.\u202f\u041d\u0430\u0448\u0435 \u0431\u044e\u0440\u043e \u043f\u0435\u0440\u0435\u0432\u043e\u0434\u043e\u0432 \u0440\u0430\u0431\u043e\u0442\u0430\u0435\u0442 \u0443\u0436\u0435 \u0431\u043e\u043b\u0435\u0435 20 \u043b\u0435\u0442,<br \/>\n\u043f\u0440\u0435\u0434\u043e\u0441\u0442\u0430\u0432\u043b\u044f\u044f \u0441\u0432\u043e\u0438\u043c \u043a\u043b\u0438\u0435\u043d\u0442\u0430\u043c \u043f\u0438\u0441\u044c\u043c\u0435\u043d\u043d\u044b\u0435 \u0438 \u0443\u0441\u0442\u043d\u044b\u0435 \u043f\u0435\u0440\u0435\u0432\u043e\u0434\u044b \u0441\u0430\u043c\u043e\u0433\u043e \u0432\u044b\u0441\u043e\u043a\u043e\u0433\u043e \u043a\u0430\u0447\u0435\u0441\u0442\u0432\u0430.\n\t<a href=\"\/ru\/bystraja-ocenka-stoimosti\" target=\"_self\" role=\"button\" aria-label=\"\u0411\u0415\u0421\u041f\u041b\u0410\u0422\u041d\u042b\u0419 \u0420\u0410\u0421\u0427\u0415\u0422 \u0421\u0422\u041e\u0418\u041c\u041e\u0421\u0422\u0418\">\n\t\t\t\t\t\t\u0411\u0415\u0421\u041f\u041b\u0410\u0422\u041d\u042b\u0419 \u0420\u0410\u0421\u0427\u0415\u0422 \u0421\u0422\u041e\u0418\u041c\u041e\u0421\u0422\u0418\n\t\t\t\t\t<\/a>\n\t\t\t<img decoding=\"async\" src=\"https:\/\/www.biuro-punkt.pl\/wp-content\/uploads\/2018\/02\/comment.png\" alt=\"comment\" \/>\n\t\t\t\t\t\t\t\t\t\t<p>PUNKT always completes translation tasks on time, and with utmost diligence, correctly using specialized vocabulary. Throughout our cooperation, there have been translation projects requiring short-lead times, and performed under major time pressure. However, the final quality has always\u00a0been superior.\u00a0<br \/>The agency&#8217;s focus on professionalism is reflected in the expert handling of each translation enquiry and order, as well as smooth and friendly communication. <br \/>We are pleased to recommend Biuro T\u0142umacze\u0144 i Konsultingu PUNKT as a reliable and solid partner in the field of language services.<\/p>\n\t\t\t\t\t\t\t\t\tIB Systems sp. z o.o.\n\t\t\t<img decoding=\"async\" src=\"https:\/\/www.biuro-punkt.pl\/wp-content\/uploads\/2018\/02\/comment.png\" alt=\"comment\" \/>\n\t\t\t\t\t\t\t\t\t\t<p>Brandline Group has commissioned Biuro T\u0142umacze\u0144 PUNKT to translate a range of user manuals for consumer electronics and household appliances. The project was multilingual, comprising translation into French, Spanish,\u00a0Italian, Dutch, Croatian, and Ukrainian. <br \/>I am pleased to say that the texts were translated meticulously and accurately. The manuals contained specialised product-specific vocabulary, which was correctly translated into the target languages, as confirmed by our\u00a0customers.<\/p>\n\t\t\t\t\t\t\t\t\tBrandline Group sp. z o.o.\n\t\t\t<img decoding=\"async\" src=\"https:\/\/www.biuro-punkt.pl\/wp-content\/uploads\/2018\/02\/comment.png\" alt=\"comment\" \/>\n\t\t\t\t\t\t\t\t\t\t<p>The quality of communication with the project supervisor was very good from start to finish. All the deadlines were met, there was no problem with shifting priorities in the translation pipeline, and the supervisor answered all our\u00a0questions and requests on an ongoing basis.\u00a0<br \/>We recommend Biuro T\u0142umacze\u0144 PUNKT as a highly reliable provider of translation services, especially where demanding texts are concerned.<\/p>\n\t\t\t\t\t\t\t\t\tBrandline Group sp. z o.o.\n\t\t\t<img decoding=\"async\" src=\"https:\/\/www.biuro-punkt.pl\/wp-content\/uploads\/2018\/02\/comment.png\" alt=\"comment\" \/>\n\t\t\t\t\t\t\t\t\t\t<p>We commission the agency to provide us with multilingual translations &#8212; also into less popular languages such as Chinese or Arabic. (&#8230;) The agency has been consistently delivering superior attention to detail and always completing work to the deadlines we require. Even though our texts tend to be highly technical (user manuals, device specifications, detailed descriptions of professional products and goods), Biuro T\u0142umacze\u0144 Punkt<\/p>\n\t\t\t\t\t\t\t\t\tNesperta sp. z o.o.\n\t\t\t<img decoding=\"async\" src=\"https:\/\/www.biuro-punkt.pl\/wp-content\/uploads\/2018\/02\/comment.png\" alt=\"comment\" \/>\n\t\t\t\t\t\t\t\t\t\t<p>The agency provides our company with both standard and sworn translations into a number of languages including Dutch, English, German,\u00a0Russian, and Latvian.\u00a0We\u00a0 recommend the services offered by Biuro T\u0142umacze\u0144 i Konsultingu PUNKT, as the translations are always completed and delivered on time, and\u00a0ensure consistently good quality.\u00a0PUNKT is flexible in contacts with its customers, and arranging the terms\u00a0of cooperation is always smooth and professional.<\/p>\n\t\t\t\t\t\t\t\t\tBoekestijn Transport sp. z o. o.\n\t\t\t\t<!-- \/.pp-testimonials -->\n\t<ul>\n\t\t\t<li>\n\t\t\t<h4>\n\t\t\t\t<a href=\"\/ru\/\u043d\u0430\u043c-\u0434\u043e\u0432\u0435\u0440\u0438\u043b\u0438\u0441\u044c\" target=\"\"  data-hover=\"\u043f\u043e\u0434\u0440\u043e\u0431\u043d\u0435\u0435\" aria-label=\"\u043f\u043e\u0434\u0440\u043e\u0431\u043d\u0435\u0435\">\u043f\u043e\u0434\u0440\u043e\u0431\u043d\u0435\u0435<\/a>\n\t\t\t<\/h4>\n\t\t<\/li>\n\t\t\t\t<\/ul>\n\n","protected":false},"excerpt":{"rendered":"<p>\u0411\u044e\u0440\u043e \u041f\u0435\u0440\u0435\u0432\u043e\u0434\u043e\u0432 PUNKT,\u043f\u0435\u0440\u0435\u0432\u043e\u0434\u044b \u043d\u0430 \u0431\u043e\u043b\u0435\u0435 \u0447\u0435\u043c 30 \u044f\u0437\u044b\u043a\u043e\u0432. \u0412\u044b\u0431\u0438\u0440\u0430\u0439\u0442\u0435 \u041a\u0410\u0427\u0415\u0421\u0422\u0412\u041e \u0438 \u041e\u041f\u042b\u0422.\u202f\u041d\u0430\u0448\u0435 \u0431\u044e\u0440\u043e \u043f\u0435\u0440\u0435\u0432\u043e\u0434\u043e\u0432 \u0440\u0430\u0431\u043e\u0442\u0430\u0435\u0442 \u0443\u0436\u0435 \u0431\u043e\u043b\u0435\u0435 20 \u043b\u0435\u0442, \u043f\u0440\u0435\u0434\u043e\u0441\u0442\u0430\u0432\u043b\u044f\u044f \u0441\u0432\u043e\u0438\u043c \u043a\u043b\u0438\u0435\u043d\u0442\u0430\u043c \u043f\u0438\u0441\u044c\u043c\u0435\u043d\u043d\u044b\u0435 \u0438 \u0443\u0441\u0442\u043d\u044b\u0435 \u043f\u0435\u0440\u0435\u0432\u043e\u0434\u044b \u0441\u0430\u043c\u043e\u0433\u043e \u0432\u044b\u0441\u043e\u043a\u043e\u0433\u043e \u043a\u0430\u0447\u0435\u0441\u0442\u0432\u0430. \u0411\u0415\u0421\u041f\u041b\u0410\u0422\u041d\u042b\u0419 \u0420\u0410\u0421\u0427\u0415\u0422 \u0421\u0422\u041e\u0418\u041c\u041e\u0421\u0422\u0418 PUNKT always completes translation tasks on time, and with utmost diligence, correctly using specialized vocabulary. Throughout our cooperation, there have been translation projects &#8230; <a title=\"Home\" class=\"read-more\" href=\"https:\/\/www.biuro-punkt.pl\/ru\/\" aria-label=\"\u041f\u0440\u043e\u0447\u0438\u0442\u0430\u0442\u044c \u0431\u043e\u043b\u044c\u0448\u0435 \u043e Home\">Read more<\/a><\/p>\n","protected":false},"author":1,"featured_media":0,"parent":0,"menu_order":0,"comment_status":"closed","ping_status":"open","template":"","meta":{"generate_page_header":"","footnotes":""},"class_list":["post-1359","page","type-page","status-publish"],"yoast_head":"<!-- This site is optimized with the Yoast SEO plugin v27.5 - https:\/\/yoast.com\/product\/yoast-seo-wordpress\/ -->\n<title>Biuro T\u0142umacze\u0144 Pozna\u0144. Profesjonalne T\u0142umaczenia dla Firm - Angielski, Niemiecki<\/title>\n<meta name=\"description\" content=\"Biuro t\u0142umacze\u0144 PUNKT zaprasza - t\u0142umaczenia przysi\u0119g\u0142e \u2705 Medyczne \u2705 BIznesowe \u2705 J\u0119zykowe \u2705 Oferujemy szeroki zakres us\u0142ug w atrakcyjnych cenach \u2705 Sprawd\u017a!\" \/>\n<meta name=\"robots\" content=\"index, follow, max-snippet:-1, max-image-preview:large, max-video-preview:-1\" \/>\n<link rel=\"canonical\" href=\"https:\/\/www.biuro-punkt.pl\/ru\/\" \/>\n<meta property=\"og:locale\" content=\"ru_RU\" \/>\n<meta property=\"og:type\" content=\"article\" \/>\n<meta property=\"og:title\" content=\"Biuro T\u0142umacze\u0144 Pozna\u0144. Profesjonalne T\u0142umaczenia dla Firm - Angielski, Niemiecki\" \/>\n<meta property=\"og:description\" content=\"Biuro t\u0142umacze\u0144 PUNKT zaprasza - t\u0142umaczenia przysi\u0119g\u0142e \u2705 Medyczne \u2705 BIznesowe \u2705 J\u0119zykowe \u2705 Oferujemy szeroki zakres us\u0142ug w atrakcyjnych cenach \u2705 Sprawd\u017a!\" \/>\n<meta property=\"og:url\" content=\"https:\/\/www.biuro-punkt.pl\/ru\/\" \/>\n<meta property=\"og:site_name\" content=\"Biuro T\u0142umacze\u0144 Pozna\u0144 PUNKT\" \/>\n<meta property=\"article:modified_time\" content=\"2025-07-09T20:51:21+00:00\" \/>\n<meta property=\"og:image\" content=\"https:\/\/www.biuro-punkt.pl\/wp-content\/uploads\/2018\/02\/comment.png\" \/>\n<meta name=\"twitter:card\" content=\"summary_large_image\" \/>\n<meta name=\"twitter:label1\" content=\"\u041f\u0440\u0438\u043c\u0435\u0440\u043d\u043e\u0435 \u0432\u0440\u0435\u043c\u044f \u0434\u043b\u044f \u0447\u0442\u0435\u043d\u0438\u044f\" \/>\n\t<meta name=\"twitter:data1\" content=\"34 \u043c\u0438\u043d\u0443\u0442\u044b\" \/>\n<script type=\"application\/ld+json\" class=\"yoast-schema-graph\">{\"@context\":\"https:\\\/\\\/schema.org\",\"@graph\":[{\"@type\":\"WebPage\",\"@id\":\"https:\\\/\\\/www.biuro-punkt.pl\\\/ru\\\/\",\"url\":\"https:\\\/\\\/www.biuro-punkt.pl\\\/ru\\\/\",\"name\":\"Biuro T\u0142umacze\u0144 Pozna\u0144. Profesjonalne T\u0142umaczenia dla Firm - Angielski, Niemiecki\",\"isPartOf\":{\"@id\":\"https:\\\/\\\/www.biuro-punkt.pl\\\/#website\"},\"primaryImageOfPage\":{\"@id\":\"https:\\\/\\\/www.biuro-punkt.pl\\\/ru\\\/#primaryimage\"},\"image\":{\"@id\":\"https:\\\/\\\/www.biuro-punkt.pl\\\/ru\\\/#primaryimage\"},\"thumbnailUrl\":\"https:\\\/\\\/www.biuro-punkt.pl\\\/wp-content\\\/uploads\\\/2018\\\/02\\\/comment.png\",\"datePublished\":\"2017-12-14T12:33:22+00:00\",\"dateModified\":\"2025-07-09T20:51:21+00:00\",\"description\":\"Biuro t\u0142umacze\u0144 PUNKT zaprasza - t\u0142umaczenia przysi\u0119g\u0142e \u2705 Medyczne \u2705 BIznesowe \u2705 J\u0119zykowe \u2705 Oferujemy szeroki zakres us\u0142ug w atrakcyjnych cenach \u2705 Sprawd\u017a!\",\"breadcrumb\":{\"@id\":\"https:\\\/\\\/www.biuro-punkt.pl\\\/ru\\\/#breadcrumb\"},\"inLanguage\":\"ru-RU\",\"potentialAction\":[{\"@type\":\"ReadAction\",\"target\":[\"https:\\\/\\\/www.biuro-punkt.pl\\\/ru\\\/\"]}]},{\"@type\":\"ImageObject\",\"inLanguage\":\"ru-RU\",\"@id\":\"https:\\\/\\\/www.biuro-punkt.pl\\\/ru\\\/#primaryimage\",\"url\":\"https:\\\/\\\/www.biuro-punkt.pl\\\/wp-content\\\/uploads\\\/2018\\\/02\\\/comment.png\",\"contentUrl\":\"https:\\\/\\\/www.biuro-punkt.pl\\\/wp-content\\\/uploads\\\/2018\\\/02\\\/comment.png\"},{\"@type\":\"BreadcrumbList\",\"@id\":\"https:\\\/\\\/www.biuro-punkt.pl\\\/ru\\\/#breadcrumb\",\"itemListElement\":[{\"@type\":\"ListItem\",\"position\":1,\"name\":\"BIURO T\u0141UMACZE\u0143 PUNKT\",\"item\":\"https:\\\/\\\/www.biuro-punkt.pl\\\/ru\\\/\"},{\"@type\":\"ListItem\",\"position\":2,\"name\":\"Home\"}]},{\"@type\":\"WebSite\",\"@id\":\"https:\\\/\\\/www.biuro-punkt.pl\\\/#website\",\"url\":\"https:\\\/\\\/www.biuro-punkt.pl\\\/\",\"name\":\"Biuro T\u0142umacze\u0144 Pozna\u0144 PUNKT\",\"description\":\"Biuro T\u0142umacze\u0144 Pozna\u0144 PUNKT\",\"publisher\":{\"@id\":\"https:\\\/\\\/www.biuro-punkt.pl\\\/#organization\"},\"potentialAction\":[{\"@type\":\"SearchAction\",\"target\":{\"@type\":\"EntryPoint\",\"urlTemplate\":\"https:\\\/\\\/www.biuro-punkt.pl\\\/?s={search_term_string}\"},\"query-input\":{\"@type\":\"PropertyValueSpecification\",\"valueRequired\":true,\"valueName\":\"search_term_string\"}}],\"inLanguage\":\"ru-RU\"},{\"@type\":\"Organization\",\"@id\":\"https:\\\/\\\/www.biuro-punkt.pl\\\/#organization\",\"name\":\"Biuro T\u0142umacze\u0144 Pozna\u0144 PUNKT\",\"url\":\"https:\\\/\\\/www.biuro-punkt.pl\\\/\",\"logo\":{\"@type\":\"ImageObject\",\"inLanguage\":\"ru-RU\",\"@id\":\"https:\\\/\\\/www.biuro-punkt.pl\\\/#\\\/schema\\\/logo\\\/image\\\/\",\"url\":\"https:\\\/\\\/www.biuro-punkt.pl\\\/wp-content\\\/uploads\\\/2017\\\/12\\\/logo-punkt.png\",\"contentUrl\":\"https:\\\/\\\/www.biuro-punkt.pl\\\/wp-content\\\/uploads\\\/2017\\\/12\\\/logo-punkt.png\",\"width\":220,\"height\":50,\"caption\":\"Biuro T\u0142umacze\u0144 Pozna\u0144 PUNKT\"},\"image\":{\"@id\":\"https:\\\/\\\/www.biuro-punkt.pl\\\/#\\\/schema\\\/logo\\\/image\\\/\"}}]}<\/script>\n<!-- \/ Yoast SEO plugin. -->","yoast_head_json":{"title":"Biuro T\u0142umacze\u0144 Pozna\u0144. Profesjonalne T\u0142umaczenia dla Firm - Angielski, Niemiecki","description":"Biuro t\u0142umacze\u0144 PUNKT zaprasza - t\u0142umaczenia przysi\u0119g\u0142e \u2705 Medyczne \u2705 BIznesowe \u2705 J\u0119zykowe \u2705 Oferujemy szeroki zakres us\u0142ug w atrakcyjnych cenach \u2705 Sprawd\u017a!","robots":{"index":"index","follow":"follow","max-snippet":"max-snippet:-1","max-image-preview":"max-image-preview:large","max-video-preview":"max-video-preview:-1"},"canonical":"https:\/\/www.biuro-punkt.pl\/ru\/","og_locale":"ru_RU","og_type":"article","og_title":"Biuro T\u0142umacze\u0144 Pozna\u0144. Profesjonalne T\u0142umaczenia dla Firm - Angielski, Niemiecki","og_description":"Biuro t\u0142umacze\u0144 PUNKT zaprasza - t\u0142umaczenia przysi\u0119g\u0142e \u2705 Medyczne \u2705 BIznesowe \u2705 J\u0119zykowe \u2705 Oferujemy szeroki zakres us\u0142ug w atrakcyjnych cenach \u2705 Sprawd\u017a!","og_url":"https:\/\/www.biuro-punkt.pl\/ru\/","og_site_name":"Biuro T\u0142umacze\u0144 Pozna\u0144 PUNKT","article_modified_time":"2025-07-09T20:51:21+00:00","og_image":[{"url":"https:\/\/www.biuro-punkt.pl\/wp-content\/uploads\/2018\/02\/comment.png","type":"","width":"","height":""}],"twitter_card":"summary_large_image","twitter_misc":{"\u041f\u0440\u0438\u043c\u0435\u0440\u043d\u043e\u0435 \u0432\u0440\u0435\u043c\u044f \u0434\u043b\u044f \u0447\u0442\u0435\u043d\u0438\u044f":"34 \u043c\u0438\u043d\u0443\u0442\u044b"},"schema":{"@context":"https:\/\/schema.org","@graph":[{"@type":"WebPage","@id":"https:\/\/www.biuro-punkt.pl\/ru\/","url":"https:\/\/www.biuro-punkt.pl\/ru\/","name":"Biuro T\u0142umacze\u0144 Pozna\u0144. Profesjonalne T\u0142umaczenia dla Firm - Angielski, Niemiecki","isPartOf":{"@id":"https:\/\/www.biuro-punkt.pl\/#website"},"primaryImageOfPage":{"@id":"https:\/\/www.biuro-punkt.pl\/ru\/#primaryimage"},"image":{"@id":"https:\/\/www.biuro-punkt.pl\/ru\/#primaryimage"},"thumbnailUrl":"https:\/\/www.biuro-punkt.pl\/wp-content\/uploads\/2018\/02\/comment.png","datePublished":"2017-12-14T12:33:22+00:00","dateModified":"2025-07-09T20:51:21+00:00","description":"Biuro t\u0142umacze\u0144 PUNKT zaprasza - t\u0142umaczenia przysi\u0119g\u0142e \u2705 Medyczne \u2705 BIznesowe \u2705 J\u0119zykowe \u2705 Oferujemy szeroki zakres us\u0142ug w atrakcyjnych cenach \u2705 Sprawd\u017a!","breadcrumb":{"@id":"https:\/\/www.biuro-punkt.pl\/ru\/#breadcrumb"},"inLanguage":"ru-RU","potentialAction":[{"@type":"ReadAction","target":["https:\/\/www.biuro-punkt.pl\/ru\/"]}]},{"@type":"ImageObject","inLanguage":"ru-RU","@id":"https:\/\/www.biuro-punkt.pl\/ru\/#primaryimage","url":"https:\/\/www.biuro-punkt.pl\/wp-content\/uploads\/2018\/02\/comment.png","contentUrl":"https:\/\/www.biuro-punkt.pl\/wp-content\/uploads\/2018\/02\/comment.png"},{"@type":"BreadcrumbList","@id":"https:\/\/www.biuro-punkt.pl\/ru\/#breadcrumb","itemListElement":[{"@type":"ListItem","position":1,"name":"BIURO T\u0141UMACZE\u0143 PUNKT","item":"https:\/\/www.biuro-punkt.pl\/ru\/"},{"@type":"ListItem","position":2,"name":"Home"}]},{"@type":"WebSite","@id":"https:\/\/www.biuro-punkt.pl\/#website","url":"https:\/\/www.biuro-punkt.pl\/","name":"Biuro T\u0142umacze\u0144 Pozna\u0144 PUNKT","description":"Biuro T\u0142umacze\u0144 Pozna\u0144 PUNKT","publisher":{"@id":"https:\/\/www.biuro-punkt.pl\/#organization"},"potentialAction":[{"@type":"SearchAction","target":{"@type":"EntryPoint","urlTemplate":"https:\/\/www.biuro-punkt.pl\/?s={search_term_string}"},"query-input":{"@type":"PropertyValueSpecification","valueRequired":true,"valueName":"search_term_string"}}],"inLanguage":"ru-RU"},{"@type":"Organization","@id":"https:\/\/www.biuro-punkt.pl\/#organization","name":"Biuro T\u0142umacze\u0144 Pozna\u0144 PUNKT","url":"https:\/\/www.biuro-punkt.pl\/","logo":{"@type":"ImageObject","inLanguage":"ru-RU","@id":"https:\/\/www.biuro-punkt.pl\/#\/schema\/logo\/image\/","url":"https:\/\/www.biuro-punkt.pl\/wp-content\/uploads\/2017\/12\/logo-punkt.png","contentUrl":"https:\/\/www.biuro-punkt.pl\/wp-content\/uploads\/2017\/12\/logo-punkt.png","width":220,"height":50,"caption":"Biuro T\u0142umacze\u0144 Pozna\u0144 PUNKT"},"image":{"@id":"https:\/\/www.biuro-punkt.pl\/#\/schema\/logo\/image\/"}}]}},"_links":{"self":[{"href":"https:\/\/www.biuro-punkt.pl\/ru\/wp-json\/wp\/v2\/pages\/1359","targetHints":{"allow":["GET"]}}],"collection":[{"href":"https:\/\/www.biuro-punkt.pl\/ru\/wp-json\/wp\/v2\/pages"}],"about":[{"href":"https:\/\/www.biuro-punkt.pl\/ru\/wp-json\/wp\/v2\/types\/page"}],"author":[{"embeddable":true,"href":"https:\/\/www.biuro-punkt.pl\/ru\/wp-json\/wp\/v2\/users\/1"}],"replies":[{"embeddable":true,"href":"https:\/\/www.biuro-punkt.pl\/ru\/wp-json\/wp\/v2\/comments?post=1359"}],"version-history":[{"count":3,"href":"https:\/\/www.biuro-punkt.pl\/ru\/wp-json\/wp\/v2\/pages\/1359\/revisions"}],"predecessor-version":[{"id":18039,"href":"https:\/\/www.biuro-punkt.pl\/ru\/wp-json\/wp\/v2\/pages\/1359\/revisions\/18039"}],"wp:attachment":[{"href":"https:\/\/www.biuro-punkt.pl\/ru\/wp-json\/wp\/v2\/media?parent=1359"}],"curies":[{"name":"wp","href":"https:\/\/api.w.org\/{rel}","templated":true}]}}