{"id":1381,"date":"2018-02-15T13:19:55","date_gmt":"2018-02-15T12:19:55","guid":{"rendered":"http:\/\/www.biuro-punkt.pl\/szybka-wycena\/"},"modified":"2021-03-06T21:11:33","modified_gmt":"2021-03-06T20:11:33","slug":"bystraja-ocenka-stoimosti","status":"publish","type":"page","link":"https:\/\/www.biuro-punkt.pl\/ru\/bystraja-ocenka-stoimosti\/","title":{"rendered":"Szybka wycena"},"content":{"rendered":"\n\n\t\t<h1>\n\t\t\t\u0411\u0435\u0441\u043f\u043b\u0430\u0442\u043d\u044b\u0439 \u0440\u0430\u0441\u0447\u0435\u0442 \u0441\u0442\u043e\u0438\u043c\u043e\u0441\u0442\u0438\n\t\t<\/h1>\n\t\n<div class=\"wpcf7 no-js\" id=\"wpcf7-f3765-o1\" lang=\"pl-PL\" dir=\"ltr\" data-wpcf7-id=\"3765\">\n<div class=\"screen-reader-response\"><p role=\"status\" aria-live=\"polite\" aria-atomic=\"true\"><\/p> <ul><\/ul><\/div>\n<form action=\"\/ru\/wp-json\/wp\/v2\/pages\/1381#wpcf7-f3765-o1\" method=\"post\" class=\"wpcf7-form init\" aria-label=\"Formularz kontaktowy\" novalidate=\"novalidate\" data-status=\"init\">\n<fieldset class=\"hidden-fields-container\"><input type=\"hidden\" name=\"_wpcf7\" value=\"3765\" \/><input type=\"hidden\" name=\"_wpcf7_version\" value=\"6.1.5\" \/><input type=\"hidden\" name=\"_wpcf7_locale\" value=\"pl_PL\" \/><input type=\"hidden\" name=\"_wpcf7_unit_tag\" value=\"wpcf7-f3765-o1\" \/><input type=\"hidden\" name=\"_wpcf7_container_post\" value=\"0\" \/><input type=\"hidden\" name=\"_wpcf7_posted_data_hash\" value=\"\" \/><input type=\"hidden\" name=\"_wpcf7cf_hidden_group_fields\" value=\"[]\" \/><input type=\"hidden\" name=\"_wpcf7cf_hidden_groups\" value=\"[]\" \/><input type=\"hidden\" name=\"_wpcf7cf_visible_groups\" value=\"[]\" \/><input type=\"hidden\" name=\"_wpcf7cf_repeaters\" value=\"[]\" \/><input type=\"hidden\" name=\"_wpcf7cf_steps\" value=\"{}\" \/><input type=\"hidden\" name=\"_wpcf7cf_options\" value=\"{&quot;form_id&quot;:3765,&quot;conditions&quot;:[],&quot;settings&quot;:{&quot;animation&quot;:&quot;yes&quot;,&quot;animation_intime&quot;:200,&quot;animation_outtime&quot;:200,&quot;conditions_ui&quot;:&quot;normal&quot;,&quot;notice_dismissed&quot;:false,&quot;notice_dismissed_update-cf7-6.0.4&quot;:true,&quot;notice_dismissed_update-cf7-6.0.5&quot;:true}}\" \/><input type=\"hidden\" name=\"_wpcf7_recaptcha_response\" value=\"\" \/>\n<\/fieldset>\n<div id=\"cw-responsive-form\" class=\"clearfix\">\n\t<div class=\"form-row\">\n\t\t<div class=\"column-half\">\n\t\t\t<p>\u0418\u043c\u044f \u0438 \u0444\u0430\u043c\u0438\u043b\u0438\u044f* <span class=\"wpcf7-form-control-wrap\" data-name=\"imie_i_nazwisko\"><input size=\"40\" maxlength=\"400\" class=\"wpcf7-form-control wpcf7-text wpcf7-validates-as-required\" aria-required=\"true\" aria-invalid=\"false\" value=\"\" type=\"text\" name=\"imie_i_nazwisko\" \/><\/span>\n\t\t\t<\/p>\n\t\t<\/div>\n\t\t<div class=\"column-half\">\n\t\t\t<p>\u0424\u0438\u0440\u043c\u0430* <span class=\"wpcf7-form-control-wrap\" data-name=\"firma\"><input size=\"40\" maxlength=\"400\" class=\"wpcf7-form-control wpcf7-text wpcf7-validates-as-required\" aria-required=\"true\" aria-invalid=\"false\" value=\"\" type=\"text\" name=\"firma\" \/><\/span>\n\t\t\t<\/p>\n\t\t<\/div>\n\t<\/div>\n\t<div class=\"form-row\">\n\t\t<div class=\"column-half\">\n\t\t\t<p>Email* <span class=\"wpcf7-form-control-wrap\" data-name=\"email\"><input size=\"40\" maxlength=\"400\" class=\"wpcf7-form-control wpcf7-email wpcf7-validates-as-required wpcf7-text wpcf7-validates-as-email\" aria-required=\"true\" aria-invalid=\"false\" value=\"\" type=\"email\" name=\"email\" \/><\/span>\n\t\t\t<\/p>\n\t\t<\/div>\n\t\t<div class=\"column-half\">\n\t\t\t<p>\u0442\u0435\u043b\u0435\u0444\u043e\u043d <span class=\"wpcf7-form-control-wrap\" data-name=\"telefon\"><input size=\"40\" maxlength=\"400\" class=\"wpcf7-form-control wpcf7-tel wpcf7-text wpcf7-validates-as-tel\" aria-invalid=\"false\" value=\"\" type=\"tel\" name=\"telefon\" \/><\/span>\n\t\t\t<\/p>\n\t\t<\/div>\n\t<\/div>\n\t<div class=\"form-row\">\n\t\t<div class=\"column-half\">\n\t\t\t<p>\u0418\u0441\u0445\u043e\u0434\u043d\u044b\u0439 \u044f\u0437\u044b\u043a* <span class=\"wpcf7-form-control-wrap\" data-name=\"jezyk_zrodlowy\"><input size=\"40\" maxlength=\"400\" class=\"wpcf7-form-control wpcf7-text wpcf7-validates-as-required\" aria-required=\"true\" aria-invalid=\"false\" value=\"\" type=\"text\" name=\"jezyk_zrodlowy\" \/><\/span>\n\t\t\t<\/p>\n\t\t<\/div>\n\t\t<div class=\"column-half\">\n\t\t\t<p>\u0426\u0435\u043b\u0435\u0432\u043e\u0439 \u044f\u0437\u044b\u043a* <span class=\"wpcf7-form-control-wrap\" data-name=\"jezyk_docelowy\"><input size=\"40\" maxlength=\"400\" class=\"wpcf7-form-control wpcf7-text wpcf7-validates-as-required\" aria-required=\"true\" aria-invalid=\"false\" value=\"\" type=\"text\" name=\"jezyk_docelowy\" \/><\/span>\n\t\t\t<\/p>\n\t\t<\/div>\n\t<\/div>\n\t<div class=\"form-row\">\n\t\t<div class=\"column-half\">\n\t\t\t<p>\u0421\u0440\u043e\u043a \u0440\u0435\u0430\u043b\u0438\u0437\u0430\u0446\u0438\u0438* <span class=\"wpcf7-form-control-wrap\" data-name=\"termin_realizacji\"><input class=\"wpcf7-form-control wpcf7-date wpcf7-validates-as-required wpcf7-validates-as-date\" aria-required=\"true\" aria-invalid=\"false\" value=\"\" type=\"date\" name=\"termin_realizacji\" \/><\/span>\n\t\t\t<\/p>\n\t\t<\/div>\n\t\t<div class=\"column-half\">\n\t\t\t<p>\u0412\u0438\u0434 \u043f\u0435\u0440\u0435\u0432\u043e\u0434\u0430* <span class=\"wpcf7-form-control-wrap\" data-name=\"rodzaj_tlumaczenia\"><select class=\"wpcf7-form-control wpcf7-select wpcf7-validates-as-required\" aria-required=\"true\" aria-invalid=\"false\" name=\"rodzaj_tlumaczenia\"><option value=\"\">&#8212;Prosz\u0119 wybra\u0107 opcj\u0119&#8212;<\/option><option value=\"\u043f\u0438\u0441\u044c\u043c\u0435\u043d\u043d\u044b\u0439 \u043e\u0431\u044b\u043a\u043d\u043e\u0432\u0435\u043d\u043d\u044b\u0439\">\u043f\u0438\u0441\u044c\u043c\u0435\u043d\u043d\u044b\u0439 \u043e\u0431\u044b\u043a\u043d\u043e\u0432\u0435\u043d\u043d\u044b\u0439<\/option><option value=\"\u043f\u0438\u0441\u044c\u043c\u0435\u043d\u043d\u044b\u0439 \u0437\u0430\u0432\u0435\u0440\u0435\u043d\u043d\u044b\u0439\">\u043f\u0438\u0441\u044c\u043c\u0435\u043d\u043d\u044b\u0439 \u0437\u0430\u0432\u0435\u0440\u0435\u043d\u043d\u044b\u0439<\/option><option value=\"\u0443\u0441\u0442\u043d\u044b\u0439\">\u0443\u0441\u0442\u043d\u044b\u0439<\/option><\/select><\/span>\n\t\t\t<\/p>\n\t\t<\/div>\n\t<\/div>\n\t<div class=\"form-row\">\n\t\t<div class=\"column-half\">\n\t\t\t<p>\u0421\u043f\u043e\u0441\u043e\u0431 \u043f\u043e\u043b\u0443\u0447\u0435\u043d\u0438\u044f* <span class=\"wpcf7-form-control-wrap\" data-name=\"sposob_odbioru\"><select class=\"wpcf7-form-control wpcf7-select wpcf7-validates-as-required\" aria-required=\"true\" aria-invalid=\"false\" name=\"sposob_odbioru\"><option value=\"\">&#8212;Prosz\u0119 wybra\u0107 opcj\u0119&#8212;<\/option><option value=\"\u043f\u043e \u044d\u043b\u0435\u043a\u0442\u0440\u043e\u043d\u043d\u043e\u0439 \u043f\u043e\u0447\u0442\u0435 (\u043e\u0431\u044b\u043a\u043d\u043e\u0432\u0435\u043d\u043d\u044b\u0439 \u043f\u0435\u0440\u0435\u0432\u043e\u0434)\">\u043f\u043e \u044d\u043b\u0435\u043a\u0442\u0440\u043e\u043d\u043d\u043e\u0439 \u043f\u043e\u0447\u0442\u0435 (\u043e\u0431\u044b\u043a\u043d\u043e\u0432\u0435\u043d\u043d\u044b\u0439 \u043f\u0435\u0440\u0435\u0432\u043e\u0434)<\/option><option value=\"\u043b\u0438\u0447\u043d\u043e\u0435 \u043f\u043e\u043b\u0443\u0447\u0435\u043d\u0438\u0435 \u0432 \u043e\u0444\u0438\u0441\u0435 (\u0437\u0430\u0432\u0435\u0440\u0435\u043d\u043d\u044b\u0439 \u043f\u0435\u0440\u0435\u0432\u043e\u0434)\">\u043b\u0438\u0447\u043d\u043e\u0435 \u043f\u043e\u043b\u0443\u0447\u0435\u043d\u0438\u0435 \u0432 \u043e\u0444\u0438\u0441\u0435 (\u0437\u0430\u0432\u0435\u0440\u0435\u043d\u043d\u044b\u0439 \u043f\u0435\u0440\u0435\u0432\u043e\u0434)<\/option><option value=\"\u043f\u043e\u0447\u0442\u043e\u0432\u043e\u0435 \u043e\u0442\u043f\u0440\u0430\u0432\u043b\u0435\u043d\u0438\u0435 \u0432 \u0441\u0442\u0440\u0430\u043d\u0435 (\u0437\u0430\u043a\u0430\u0437\u043d\u043e\u0435 \u043f\u0438\u0441\u044c\u043c\u043e, \u043f\u0440\u0438\u043e\u0440\u0438\u0442\u0435\u0442 12,30 \u0437\u043b\u043e\u0442\u044b\u0445)\">\u043f\u043e\u0447\u0442\u043e\u0432\u043e\u0435 \u043e\u0442\u043f\u0440\u0430\u0432\u043b\u0435\u043d\u0438\u0435 \u0432 \u0441\u0442\u0440\u0430\u043d\u0435 (\u0437\u0430\u043a\u0430\u0437\u043d\u043e\u0435 \u043f\u0438\u0441\u044c\u043c\u043e, \u043f\u0440\u0438\u043e\u0440\u0438\u0442\u0435\u0442 12,30 \u0437\u043b\u043e\u0442\u044b\u0445)<\/option><option value=\"\u0434\u043e\u0441\u0442\u0430\u0432\u043a\u0430 \u0437\u0430 \u0433\u0440\u0430\u043d\u0438\u0446\u0443 (\u0446\u0435\u043d\u0430, \u0443\u0441\u0442\u0430\u043d\u043e\u0432\u043b\u0435\u043d\u043d\u0430\u044f \u0438\u043d\u0434\u0438\u0432\u0438\u0434\u0443\u0430\u043b\u044c\u043d\u043e)\">\u0434\u043e\u0441\u0442\u0430\u0432\u043a\u0430 \u0437\u0430 \u0433\u0440\u0430\u043d\u0438\u0446\u0443 (\u0446\u0435\u043d\u0430, \u0443\u0441\u0442\u0430\u043d\u043e\u0432\u043b\u0435\u043d\u043d\u0430\u044f \u0438\u043d\u0434\u0438\u0432\u0438\u0434\u0443\u0430\u043b\u044c\u043d\u043e)<\/option><option value=\"\u043a\u0443\u0440\u044c\u0435\u0440 (\u0446\u0435\u043d\u0430, \u0443\u0441\u0442\u0430\u043d\u043e\u0432\u043b\u0435\u043d\u043d\u0430\u044f \u0438\u043d\u0434\u0438\u0432\u0438\u0434\u0443\u0430\u043b\u044c\u043d\u043e)\">\u043a\u0443\u0440\u044c\u0435\u0440 (\u0446\u0435\u043d\u0430, \u0443\u0441\u0442\u0430\u043d\u043e\u0432\u043b\u0435\u043d\u043d\u0430\u044f \u0438\u043d\u0434\u0438\u0432\u0438\u0434\u0443\u0430\u043b\u044c\u043d\u043e)<\/option><\/select><\/span>\n\t\t\t<\/p>\n\t\t<\/div>\n\t\t<div class=\"column-half\">\n\t\t<\/div>\n\t<\/div>\n\t<div class=\"form-row\">\n\t\t<div class=\"column-full\">\n\t\t\t<p>\u043f\u0440\u0438\u043a\u0440\u0435\u043f\u0438\u0442\u044c \u0444\u0430\u0439\u043b\u044b <span class=\"wpcf7-form-control-wrap\" data-name=\"zalacz_pliki\"><input size=\"40\" class=\"wpcf7-form-control wpcf7-drag-n-drop-file d-none\" aria-invalid=\"false\" type=\"file\" multiple=\"multiple\" data-name=\"zalacz_pliki\" data-type=\"jpg|jpeg|png|doc|docx|txt|pdf|zip\" data-limit=\"5242880\" data-max=\"10\" data-id=\"3765\" data-version=\"free version 1.3.9.7\" accept=\".jpg, .jpeg, .png, .doc, .docx, .txt, .pdf, .zip\" \/><\/span>\n\t\t\t<\/p>\n\t\t<\/div>\n\t<\/div>\n\t<div class=\"form-row\">\n\t\t<div class=\"column-full\">\n\t\t\t<p>\u041c\u044b \u0433\u0430\u0440\u0430\u043d\u0442\u0438\u0440\u0443\u0435\u043c \u043a\u043e\u043d\u0444\u0438\u0434\u0435\u043d\u0446\u0438\u0430\u043b\u044c\u043d\u043e\u0441\u0442\u044c \u043e\u0442\u043f\u0440\u0430\u0432\u043b\u044f\u0435\u043c\u044b\u0445 \u0434\u043e\u043a\u0443\u043c\u0435\u043d\u0442\u043e\u0432. \u0414\u043e\u043a\u0443\u043c\u0435\u043d\u0442\u044b \u0442\u0430\u043a\u0436\u0435 \u043c\u043e\u0433\u0443\u0442 \u0431\u044b\u0442\u044c \u043e\u0442\u043f\u0440\u0430\u0432\u043b\u0435\u043d\u044b \u043f\u043e \u044d\u043b\u0435\u043a\u0442\u0440\u043e\u043d\u043d\u043e\u0439 \u043f\u043e\u0447\u0442\u0435, \u043f\u043e \u043f\u043e\u0447\u0442\u0435 \u0438\u043b\u0438 \u0434\u043e\u0441\u0442\u0430\u0432\u043b\u0435\u043d\u044b \u043b\u0438\u0447\u043d\u043e.\n\t\t\t<\/p>\n\t\t<\/div>\n\t<\/div>\n\t<div class=\"form-row\">\n\t\t<div class=\"column-full\">\n\t\t\t<p>\u0421\u043e\u043e\u0431\u0449\u0435\u043d\u0438\u0435 <span class=\"wpcf7-form-control-wrap\" data-name=\"wiadomosc\"><textarea cols=\"40\" rows=\"10\" maxlength=\"2000\" class=\"wpcf7-form-control wpcf7-textarea\" aria-invalid=\"false\" name=\"wiadomosc\"><\/textarea><\/span>\n\t\t\t<\/p>\n\t\t<\/div>\n\t<\/div>\n\t<div class=\"form-row\">\n\t\t<div class=\"column-full\">\n\t\t\t<p><input class=\"wpcf7-form-control wpcf7-submit has-spinner\" type=\"submit\" value=\"\u041e\u0442\u043f\u0440\u0430\u0432\u0438\u0442\u044c\" \/>\n\t\t\t<\/p>\n\t\t<\/div>\n\t<\/div>\n<\/div><div class=\"wpcf7-response-output\" aria-hidden=\"true\"><\/div>\n<\/form>\n<\/div>\n\n\n","protected":false},"excerpt":{"rendered":"<p>\u0411\u0435\u0441\u043f\u043b\u0430\u0442\u043d\u044b\u0439 \u0440\u0430\u0441\u0447\u0435\u0442 \u0441\u0442\u043e\u0438\u043c\u043e\u0441\u0442\u0438<\/p>\n","protected":false},"author":1,"featured_media":0,"parent":0,"menu_order":1,"comment_status":"closed","ping_status":"closed","template":"","meta":{"generate_page_header":"","footnotes":""},"class_list":["post-1381","page","type-page","status-publish"],"yoast_head":"<!-- This site is optimized with the Yoast SEO plugin v27.5 - https:\/\/yoast.com\/product\/yoast-seo-wordpress\/ -->\n<title>Bezp\u0142atna wycena t\u0142umaczenia. RU - Biuro T\u0142umacze\u0144 Pozna\u0144 PUNKT<\/title>\n<meta name=\"description\" content=\"Biuro t\u0142umacze\u0144 PUNKT \u27a4 Szybka wycena \u2714\ufe0f Profesjonalne t\u0142umaczenia biznesowe \u2714\ufe0f T\u0142umaczenia ustne i pisemne w ponad 30 j\u0119zykach \u2b50 Sprawd\u017a!\" \/>\n<meta name=\"robots\" content=\"index, follow, max-snippet:-1, max-image-preview:large, max-video-preview:-1\" \/>\n<link rel=\"canonical\" href=\"https:\/\/www.biuro-punkt.pl\/ru\/bystraja-ocenka-stoimosti\/\" \/>\n<meta property=\"og:locale\" content=\"ru_RU\" \/>\n<meta property=\"og:type\" content=\"article\" \/>\n<meta property=\"og:title\" content=\"Bezp\u0142atna wycena t\u0142umaczenia. RU - Biuro T\u0142umacze\u0144 Pozna\u0144 PUNKT\" \/>\n<meta property=\"og:description\" content=\"Biuro t\u0142umacze\u0144 PUNKT \u27a4 Szybka wycena \u2714\ufe0f Profesjonalne t\u0142umaczenia biznesowe \u2714\ufe0f T\u0142umaczenia ustne i pisemne w ponad 30 j\u0119zykach \u2b50 Sprawd\u017a!\" \/>\n<meta property=\"og:url\" content=\"https:\/\/www.biuro-punkt.pl\/ru\/bystraja-ocenka-stoimosti\/\" \/>\n<meta property=\"og:site_name\" content=\"Biuro T\u0142umacze\u0144 Pozna\u0144 PUNKT\" \/>\n<meta property=\"article:modified_time\" content=\"2021-03-06T20:11:33+00:00\" \/>\n<meta name=\"twitter:card\" content=\"summary_large_image\" \/>\n<script type=\"application\/ld+json\" class=\"yoast-schema-graph\">{\"@context\":\"https:\\\/\\\/schema.org\",\"@graph\":[{\"@type\":\"WebPage\",\"@id\":\"https:\\\/\\\/www.biuro-punkt.pl\\\/ru\\\/bystraja-ocenka-stoimosti\\\/\",\"url\":\"https:\\\/\\\/www.biuro-punkt.pl\\\/ru\\\/bystraja-ocenka-stoimosti\\\/\",\"name\":\"Bezp\u0142atna wycena t\u0142umaczenia. RU - Biuro T\u0142umacze\u0144 Pozna\u0144 PUNKT\",\"isPartOf\":{\"@id\":\"https:\\\/\\\/www.biuro-punkt.pl\\\/#website\"},\"datePublished\":\"2018-02-15T12:19:55+00:00\",\"dateModified\":\"2021-03-06T20:11:33+00:00\",\"description\":\"Biuro t\u0142umacze\u0144 PUNKT \u27a4 Szybka wycena \u2714\ufe0f Profesjonalne t\u0142umaczenia biznesowe \u2714\ufe0f T\u0142umaczenia ustne i pisemne w ponad 30 j\u0119zykach \u2b50 Sprawd\u017a!\",\"breadcrumb\":{\"@id\":\"https:\\\/\\\/www.biuro-punkt.pl\\\/ru\\\/bystraja-ocenka-stoimosti\\\/#breadcrumb\"},\"inLanguage\":\"ru-RU\",\"potentialAction\":[{\"@type\":\"ReadAction\",\"target\":[\"https:\\\/\\\/www.biuro-punkt.pl\\\/ru\\\/bystraja-ocenka-stoimosti\\\/\"]}]},{\"@type\":\"BreadcrumbList\",\"@id\":\"https:\\\/\\\/www.biuro-punkt.pl\\\/ru\\\/bystraja-ocenka-stoimosti\\\/#breadcrumb\",\"itemListElement\":[{\"@type\":\"ListItem\",\"position\":1,\"name\":\"BIURO T\u0141UMACZE\u0143 PUNKT\",\"item\":\"https:\\\/\\\/www.biuro-punkt.pl\\\/ru\\\/\"},{\"@type\":\"ListItem\",\"position\":2,\"name\":\"\u0411\u044b\u0441\u0442\u0440\u0430\u044f \u043e\u0446\u0435\u043d\u043a\u0430 \u0441\u0442\u043e\u0438\u043c\u043e\u0441\u0442\u0438\"}]},{\"@type\":\"WebSite\",\"@id\":\"https:\\\/\\\/www.biuro-punkt.pl\\\/#website\",\"url\":\"https:\\\/\\\/www.biuro-punkt.pl\\\/\",\"name\":\"Biuro T\u0142umacze\u0144 Pozna\u0144 PUNKT\",\"description\":\"Biuro T\u0142umacze\u0144 Pozna\u0144 PUNKT\",\"publisher\":{\"@id\":\"https:\\\/\\\/www.biuro-punkt.pl\\\/#organization\"},\"potentialAction\":[{\"@type\":\"SearchAction\",\"target\":{\"@type\":\"EntryPoint\",\"urlTemplate\":\"https:\\\/\\\/www.biuro-punkt.pl\\\/?s={search_term_string}\"},\"query-input\":{\"@type\":\"PropertyValueSpecification\",\"valueRequired\":true,\"valueName\":\"search_term_string\"}}],\"inLanguage\":\"ru-RU\"},{\"@type\":\"Organization\",\"@id\":\"https:\\\/\\\/www.biuro-punkt.pl\\\/#organization\",\"name\":\"Biuro T\u0142umacze\u0144 Pozna\u0144 PUNKT\",\"url\":\"https:\\\/\\\/www.biuro-punkt.pl\\\/\",\"logo\":{\"@type\":\"ImageObject\",\"inLanguage\":\"ru-RU\",\"@id\":\"https:\\\/\\\/www.biuro-punkt.pl\\\/#\\\/schema\\\/logo\\\/image\\\/\",\"url\":\"https:\\\/\\\/www.biuro-punkt.pl\\\/wp-content\\\/uploads\\\/2017\\\/12\\\/logo-punkt.png\",\"contentUrl\":\"https:\\\/\\\/www.biuro-punkt.pl\\\/wp-content\\\/uploads\\\/2017\\\/12\\\/logo-punkt.png\",\"width\":220,\"height\":50,\"caption\":\"Biuro T\u0142umacze\u0144 Pozna\u0144 PUNKT\"},\"image\":{\"@id\":\"https:\\\/\\\/www.biuro-punkt.pl\\\/#\\\/schema\\\/logo\\\/image\\\/\"}}]}<\/script>\n<!-- \/ Yoast SEO plugin. -->","yoast_head_json":{"title":"Bezp\u0142atna wycena t\u0142umaczenia. RU - Biuro T\u0142umacze\u0144 Pozna\u0144 PUNKT","description":"Biuro t\u0142umacze\u0144 PUNKT \u27a4 Szybka wycena \u2714\ufe0f Profesjonalne t\u0142umaczenia biznesowe \u2714\ufe0f T\u0142umaczenia ustne i pisemne w ponad 30 j\u0119zykach \u2b50 Sprawd\u017a!","robots":{"index":"index","follow":"follow","max-snippet":"max-snippet:-1","max-image-preview":"max-image-preview:large","max-video-preview":"max-video-preview:-1"},"canonical":"https:\/\/www.biuro-punkt.pl\/ru\/bystraja-ocenka-stoimosti\/","og_locale":"ru_RU","og_type":"article","og_title":"Bezp\u0142atna wycena t\u0142umaczenia. RU - Biuro T\u0142umacze\u0144 Pozna\u0144 PUNKT","og_description":"Biuro t\u0142umacze\u0144 PUNKT \u27a4 Szybka wycena \u2714\ufe0f Profesjonalne t\u0142umaczenia biznesowe \u2714\ufe0f T\u0142umaczenia ustne i pisemne w ponad 30 j\u0119zykach \u2b50 Sprawd\u017a!","og_url":"https:\/\/www.biuro-punkt.pl\/ru\/bystraja-ocenka-stoimosti\/","og_site_name":"Biuro T\u0142umacze\u0144 Pozna\u0144 PUNKT","article_modified_time":"2021-03-06T20:11:33+00:00","twitter_card":"summary_large_image","schema":{"@context":"https:\/\/schema.org","@graph":[{"@type":"WebPage","@id":"https:\/\/www.biuro-punkt.pl\/ru\/bystraja-ocenka-stoimosti\/","url":"https:\/\/www.biuro-punkt.pl\/ru\/bystraja-ocenka-stoimosti\/","name":"Bezp\u0142atna wycena t\u0142umaczenia. RU - Biuro T\u0142umacze\u0144 Pozna\u0144 PUNKT","isPartOf":{"@id":"https:\/\/www.biuro-punkt.pl\/#website"},"datePublished":"2018-02-15T12:19:55+00:00","dateModified":"2021-03-06T20:11:33+00:00","description":"Biuro t\u0142umacze\u0144 PUNKT \u27a4 Szybka wycena \u2714\ufe0f Profesjonalne t\u0142umaczenia biznesowe \u2714\ufe0f T\u0142umaczenia ustne i pisemne w ponad 30 j\u0119zykach \u2b50 Sprawd\u017a!","breadcrumb":{"@id":"https:\/\/www.biuro-punkt.pl\/ru\/bystraja-ocenka-stoimosti\/#breadcrumb"},"inLanguage":"ru-RU","potentialAction":[{"@type":"ReadAction","target":["https:\/\/www.biuro-punkt.pl\/ru\/bystraja-ocenka-stoimosti\/"]}]},{"@type":"BreadcrumbList","@id":"https:\/\/www.biuro-punkt.pl\/ru\/bystraja-ocenka-stoimosti\/#breadcrumb","itemListElement":[{"@type":"ListItem","position":1,"name":"BIURO T\u0141UMACZE\u0143 PUNKT","item":"https:\/\/www.biuro-punkt.pl\/ru\/"},{"@type":"ListItem","position":2,"name":"\u0411\u044b\u0441\u0442\u0440\u0430\u044f \u043e\u0446\u0435\u043d\u043a\u0430 \u0441\u0442\u043e\u0438\u043c\u043e\u0441\u0442\u0438"}]},{"@type":"WebSite","@id":"https:\/\/www.biuro-punkt.pl\/#website","url":"https:\/\/www.biuro-punkt.pl\/","name":"Biuro T\u0142umacze\u0144 Pozna\u0144 PUNKT","description":"Biuro T\u0142umacze\u0144 Pozna\u0144 PUNKT","publisher":{"@id":"https:\/\/www.biuro-punkt.pl\/#organization"},"potentialAction":[{"@type":"SearchAction","target":{"@type":"EntryPoint","urlTemplate":"https:\/\/www.biuro-punkt.pl\/?s={search_term_string}"},"query-input":{"@type":"PropertyValueSpecification","valueRequired":true,"valueName":"search_term_string"}}],"inLanguage":"ru-RU"},{"@type":"Organization","@id":"https:\/\/www.biuro-punkt.pl\/#organization","name":"Biuro T\u0142umacze\u0144 Pozna\u0144 PUNKT","url":"https:\/\/www.biuro-punkt.pl\/","logo":{"@type":"ImageObject","inLanguage":"ru-RU","@id":"https:\/\/www.biuro-punkt.pl\/#\/schema\/logo\/image\/","url":"https:\/\/www.biuro-punkt.pl\/wp-content\/uploads\/2017\/12\/logo-punkt.png","contentUrl":"https:\/\/www.biuro-punkt.pl\/wp-content\/uploads\/2017\/12\/logo-punkt.png","width":220,"height":50,"caption":"Biuro T\u0142umacze\u0144 Pozna\u0144 PUNKT"},"image":{"@id":"https:\/\/www.biuro-punkt.pl\/#\/schema\/logo\/image\/"}}]}},"_links":{"self":[{"href":"https:\/\/www.biuro-punkt.pl\/ru\/wp-json\/wp\/v2\/pages\/1381","targetHints":{"allow":["GET"]}}],"collection":[{"href":"https:\/\/www.biuro-punkt.pl\/ru\/wp-json\/wp\/v2\/pages"}],"about":[{"href":"https:\/\/www.biuro-punkt.pl\/ru\/wp-json\/wp\/v2\/types\/page"}],"author":[{"embeddable":true,"href":"https:\/\/www.biuro-punkt.pl\/ru\/wp-json\/wp\/v2\/users\/1"}],"replies":[{"embeddable":true,"href":"https:\/\/www.biuro-punkt.pl\/ru\/wp-json\/wp\/v2\/comments?post=1381"}],"version-history":[{"count":3,"href":"https:\/\/www.biuro-punkt.pl\/ru\/wp-json\/wp\/v2\/pages\/1381\/revisions"}],"predecessor-version":[{"id":3770,"href":"https:\/\/www.biuro-punkt.pl\/ru\/wp-json\/wp\/v2\/pages\/1381\/revisions\/3770"}],"wp:attachment":[{"href":"https:\/\/www.biuro-punkt.pl\/ru\/wp-json\/wp\/v2\/media?parent=1381"}],"curies":[{"name":"wp","href":"https:\/\/api.w.org\/{rel}","templated":true}]}}